{"id":97,"date":"2025-02-20T19:30:09","date_gmt":"2025-02-20T19:30:09","guid":{"rendered":"https:\/\/dakar2026learningacademy.org\/?page_id=97"},"modified":"2025-03-04T11:43:59","modified_gmt":"2025-03-04T11:43:59","slug":"a-propos","status":"publish","type":"page","link":"https:\/\/dakar2026learningacademy.org\/?page_id=97","title":{"rendered":"\u00c0 propos"},"content":{"rendered":"\t\t<div data-elementor-type=\"wp-page\" data-elementor-id=\"97\" class=\"elementor elementor-97\" data-elementor-settings=\"{&quot;element_pack_global_tooltip_width&quot;:{&quot;unit&quot;:&quot;px&quot;,&quot;size&quot;:&quot;&quot;,&quot;sizes&quot;:[]},&quot;element_pack_global_tooltip_width_tablet&quot;:{&quot;unit&quot;:&quot;px&quot;,&quot;size&quot;:&quot;&quot;,&quot;sizes&quot;:[]},&quot;element_pack_global_tooltip_width_mobile&quot;:{&quot;unit&quot;:&quot;px&quot;,&quot;size&quot;:&quot;&quot;,&quot;sizes&quot;:[]},&quot;element_pack_global_tooltip_padding&quot;:{&quot;unit&quot;:&quot;px&quot;,&quot;top&quot;:&quot;&quot;,&quot;right&quot;:&quot;&quot;,&quot;bottom&quot;:&quot;&quot;,&quot;left&quot;:&quot;&quot;,&quot;isLinked&quot;:true},&quot;element_pack_global_tooltip_padding_tablet&quot;:{&quot;unit&quot;:&quot;px&quot;,&quot;top&quot;:&quot;&quot;,&quot;right&quot;:&quot;&quot;,&quot;bottom&quot;:&quot;&quot;,&quot;left&quot;:&quot;&quot;,&quot;isLinked&quot;:true},&quot;element_pack_global_tooltip_padding_mobile&quot;:{&quot;unit&quot;:&quot;px&quot;,&quot;top&quot;:&quot;&quot;,&quot;right&quot;:&quot;&quot;,&quot;bottom&quot;:&quot;&quot;,&quot;left&quot;:&quot;&quot;,&quot;isLinked&quot;:true},&quot;element_pack_global_tooltip_border_radius&quot;:{&quot;unit&quot;:&quot;px&quot;,&quot;top&quot;:&quot;&quot;,&quot;right&quot;:&quot;&quot;,&quot;bottom&quot;:&quot;&quot;,&quot;left&quot;:&quot;&quot;,&quot;isLinked&quot;:true},&quot;element_pack_global_tooltip_border_radius_tablet&quot;:{&quot;unit&quot;:&quot;px&quot;,&quot;top&quot;:&quot;&quot;,&quot;right&quot;:&quot;&quot;,&quot;bottom&quot;:&quot;&quot;,&quot;left&quot;:&quot;&quot;,&quot;isLinked&quot;:true},&quot;element_pack_global_tooltip_border_radius_mobile&quot;:{&quot;unit&quot;:&quot;px&quot;,&quot;top&quot;:&quot;&quot;,&quot;right&quot;:&quot;&quot;,&quot;bottom&quot;:&quot;&quot;,&quot;left&quot;:&quot;&quot;,&quot;isLinked&quot;:true}}\">\n\t\t\t\t\t\t<section class=\"elementor-section elementor-top-section elementor-element elementor-element-3c3b781 elementor-section-height-min-height elementor-section-boxed elementor-section-height-default elementor-section-items-middle\" data-id=\"3c3b781\" data-element_type=\"section\">\n\t\t\t\t\t\t\t<div class=\"elementor-background-overlay\"><\/div>\n\t\t\t\t\t\t\t<div class=\"elementor-container elementor-column-gap-default\">\n\t\t\t\t\t<div class=\"elementor-column elementor-col-100 elementor-top-column elementor-element elementor-element-552474c\" data-id=\"552474c\" data-element_type=\"column\">\n\t\t\t<div class=\"elementor-widget-wrap elementor-element-populated\">\n\t\t\t\t\t\t<div class=\"elementor-element elementor-element-c4b145e elementor-widget elementor-widget-heading\" data-id=\"c4b145e\" data-element_type=\"widget\" data-widget_type=\"heading.default\">\n\t\t\t\t<div class=\"elementor-widget-container\">\n\t\t\t\t\t<h2 class=\"elementor-heading-title elementor-size-default\">\u00c0 propos\n<\/h2>\t\t\t\t<\/div>\n\t\t\t\t<\/div>\n\t\t\t\t\t<\/div>\n\t\t<\/div>\n\t\t\t\t\t<\/div>\n\t\t<\/section>\n\t\t\t\t<section class=\"elementor-section elementor-top-section elementor-element elementor-element-fb8f0fb elementor-section-full_width elementor-section-height-default elementor-section-height-default\" data-id=\"fb8f0fb\" data-element_type=\"section\" data-settings=\"{&quot;background_background&quot;:&quot;classic&quot;}\">\n\t\t\t\t\t\t<div class=\"elementor-container elementor-column-gap-default\">\n\t\t\t\t\t<div class=\"elementor-column elementor-col-100 elementor-top-column elementor-element elementor-element-d2b3459\" data-id=\"d2b3459\" data-element_type=\"column\">\n\t\t\t<div class=\"elementor-widget-wrap elementor-element-populated\">\n\t\t\t\t\t\t<section class=\"elementor-section elementor-inner-section elementor-element elementor-element-1545487 elementor-reverse-tablet elementor-reverse-mobile elementor-section-boxed elementor-section-height-default elementor-section-height-default\" data-id=\"1545487\" data-element_type=\"section\">\n\t\t\t\t\t\t<div class=\"elementor-container elementor-column-gap-default\">\n\t\t\t\t\t<div class=\"elementor-column elementor-col-50 elementor-inner-column elementor-element elementor-element-338c1de elementor-invisible\" data-id=\"338c1de\" data-element_type=\"column\" data-settings=\"{&quot;animation&quot;:&quot;fadeInLeft&quot;}\">\n\t\t\t<div class=\"elementor-widget-wrap elementor-element-populated\">\n\t\t\t\t\t\t<div class=\"elementor-element elementor-element-2e8f2a2 elementor-widget elementor-widget-text-editor\" data-id=\"2e8f2a2\" data-element_type=\"widget\" data-widget_type=\"text-editor.default\">\n\t\t\t\t<div class=\"elementor-widget-container\">\n\t\t\t\t\t\t\t\t\t<p class=\"p1\"><span class=\"s1\">Du 31 octobre au 13 novembre 2026, l\u2019Afrique va accueillir son premier \u00e9v\u00e8nement olympique, les Jeux Olympiques de la Jeunesse au S\u00e9n\u00e9gal.<span class=\"Apple-converted-space\">\u00a0 <\/span>Plus pr\u00e9cis\u00e9ment dans les villes de Dakar, Diamniadio et Saly.<\/span><span class=\"s1\"> \u00a0<\/span><\/p><p class=\"p1\"><span class=\"s1\">L&rsquo;absence jusqu&rsquo;\u00e0 ce jour, d&rsquo;\u00e9v\u00e8nement sportif international majeur \u00e0 Dakar, conduit au<span class=\"Apple-converted-space\">\u00a0 <\/span>besoin et d\u00e9sir de renforcer les capacit\u00e9s de la main-d&rsquo;\u0153uvre locale.\u00a0<\/span><\/p><p class=\"p1\"><span class=\"s1\">Pour r\u00e9pondre \u00e0 cela, le Comit\u00e9 d\u2019organisation des Jeux Olympiques de la Jeunesse lance la Dakar 2026 Learning Academy, un programme visant \u00e0 former pr\u00e8s de 400 personnes \u00e2g\u00e9es de 21 \u00e0 35 ans pour se doter<\/span> <span class=\"s1\">d\u2019une exp\u00e9rience nouvelle et participer \u00e0 la bonne organisation des JOJ &#8211; DAKAR 2026.\u00a0<\/span><\/p><p class=\"p1\"><span class=\"s1\">Nous souhaitons cibler ce vivier de talents inexploit\u00e9s parmi les nouveaux dipl\u00f4m\u00e9s, universitaires et professionnels de l\u2019ensemble du continent.\u00a0<\/span><\/p><p class=\"p1\"><span class=\"s1\">Non seulement les JOJ offriront l&rsquo;occasion d\u2019attirer les jeunes vers le sport, mais la Dakar 2026 Learning Academy<span class=\"Apple-converted-space\">\u00a0 <\/span>peut \u00e9galement<span class=\"Apple-converted-space\">\u00a0 <\/span>les inciter \u00e0 entamer une carri\u00e8re dans la gestion du sport, de grands \u00e9v\u00e9nements ou grans projets.\u00a0<\/span><\/p>\t\t\t\t\t\t\t\t<\/div>\n\t\t\t\t<\/div>\n\t\t\t\t\t<\/div>\n\t\t<\/div>\n\t\t\t\t<div class=\"elementor-column elementor-col-50 elementor-inner-column elementor-element elementor-element-bf9a5a0 animated-slow elementor-invisible\" data-id=\"bf9a5a0\" data-element_type=\"column\" data-settings=\"{&quot;background_background&quot;:&quot;classic&quot;,&quot;animation&quot;:&quot;fadeInDown&quot;}\">\n\t\t\t<div class=\"elementor-widget-wrap elementor-element-populated\">\n\t\t\t\t\t\t<div class=\"elementor-element elementor-element-95858f9 elementor-widget elementor-widget-image\" data-id=\"95858f9\" data-element_type=\"widget\" data-widget_type=\"image.default\">\n\t\t\t\t<div class=\"elementor-widget-container\">\n\t\t\t\t\t\t\t\t\t\t\t\t\t\t\t<img fetchpriority=\"high\" decoding=\"async\" width=\"800\" height=\"450\" src=\"https:\/\/dakar2026learningacademy.org\/wp-content\/uploads\/2025\/02\/2022-11-07-Dakar-featured-scaled-1-1024x576.webp\" class=\"attachment-large size-large wp-image-33\" alt=\"\" srcset=\"https:\/\/dakar2026learningacademy.org\/wp-content\/uploads\/2025\/02\/2022-11-07-Dakar-featured-scaled-1-1024x576.webp 1024w, https:\/\/dakar2026learningacademy.org\/wp-content\/uploads\/2025\/02\/2022-11-07-Dakar-featured-scaled-1-300x169.webp 300w, https:\/\/dakar2026learningacademy.org\/wp-content\/uploads\/2025\/02\/2022-11-07-Dakar-featured-scaled-1-768x432.webp 768w, https:\/\/dakar2026learningacademy.org\/wp-content\/uploads\/2025\/02\/2022-11-07-Dakar-featured-scaled-1-1536x864.webp 1536w, https:\/\/dakar2026learningacademy.org\/wp-content\/uploads\/2025\/02\/2022-11-07-Dakar-featured-scaled-1-2048x1152.webp 2048w\" sizes=\"(max-width: 800px) 100vw, 800px\" \/>\t\t\t\t\t\t\t\t\t\t\t\t\t\t\t<\/div>\n\t\t\t\t<\/div>\n\t\t\t\t\t<\/div>\n\t\t<\/div>\n\t\t\t\t\t<\/div>\n\t\t<\/section>\n\t\t\t\t\t<\/div>\n\t\t<\/div>\n\t\t\t\t\t<\/div>\n\t\t<\/section>\n\t\t\t\t<\/div>\n\t\t","protected":false},"excerpt":{"rendered":"<p>\u00c0 propos Du 31 octobre au 13 novembre 2026, l\u2019Afrique va accueillir son premier \u00e9v\u00e8nement olympique, les Jeux Olympiques de la Jeunesse au S\u00e9n\u00e9gal.\u00a0 Plus pr\u00e9cis\u00e9ment dans les villes de Dakar, Diamniadio et Saly. \u00a0 L&rsquo;absence jusqu&rsquo;\u00e0 ce jour, d&rsquo;\u00e9v\u00e8nement sportif international majeur \u00e0 Dakar, conduit au\u00a0 besoin et d\u00e9sir de renforcer les capacit\u00e9s de [&hellip;]<\/p>\n","protected":false},"author":1,"featured_media":0,"parent":0,"menu_order":0,"comment_status":"closed","ping_status":"closed","template":"elementor_header_footer","meta":{"_acf_changed":false,"footnotes":""},"class_list":["post-97","page","type-page","status-publish","hentry"],"acf":[],"_links":{"self":[{"href":"https:\/\/dakar2026learningacademy.org\/index.php?rest_route=\/wp\/v2\/pages\/97","targetHints":{"allow":["GET"]}}],"collection":[{"href":"https:\/\/dakar2026learningacademy.org\/index.php?rest_route=\/wp\/v2\/pages"}],"about":[{"href":"https:\/\/dakar2026learningacademy.org\/index.php?rest_route=\/wp\/v2\/types\/page"}],"author":[{"embeddable":true,"href":"https:\/\/dakar2026learningacademy.org\/index.php?rest_route=\/wp\/v2\/users\/1"}],"replies":[{"embeddable":true,"href":"https:\/\/dakar2026learningacademy.org\/index.php?rest_route=%2Fwp%2Fv2%2Fcomments&post=97"}],"version-history":[{"count":0,"href":"https:\/\/dakar2026learningacademy.org\/index.php?rest_route=\/wp\/v2\/pages\/97\/revisions"}],"wp:attachment":[{"href":"https:\/\/dakar2026learningacademy.org\/index.php?rest_route=%2Fwp%2Fv2%2Fmedia&parent=97"}],"curies":[{"name":"wp","href":"https:\/\/api.w.org\/{rel}","templated":true}]}}