{"id":796,"date":"2025-03-12T19:08:26","date_gmt":"2025-03-12T19:08:26","guid":{"rendered":"https:\/\/dakar2026learningacademy.org\/?page_id=796"},"modified":"2025-03-13T14:30:01","modified_gmt":"2025-03-13T14:30:01","slug":"politique-de-confidentialite","status":"publish","type":"page","link":"https:\/\/dakar2026learningacademy.org\/?page_id=796","title":{"rendered":"Politique de Confidentialit\u00e9"},"content":{"rendered":"\t\t<div data-elementor-type=\"wp-page\" data-elementor-id=\"796\" class=\"elementor elementor-796\" data-elementor-settings=\"{&quot;element_pack_global_tooltip_width&quot;:{&quot;unit&quot;:&quot;px&quot;,&quot;size&quot;:&quot;&quot;,&quot;sizes&quot;:[]},&quot;element_pack_global_tooltip_width_tablet&quot;:{&quot;unit&quot;:&quot;px&quot;,&quot;size&quot;:&quot;&quot;,&quot;sizes&quot;:[]},&quot;element_pack_global_tooltip_width_mobile&quot;:{&quot;unit&quot;:&quot;px&quot;,&quot;size&quot;:&quot;&quot;,&quot;sizes&quot;:[]},&quot;element_pack_global_tooltip_padding&quot;:{&quot;unit&quot;:&quot;px&quot;,&quot;top&quot;:&quot;&quot;,&quot;right&quot;:&quot;&quot;,&quot;bottom&quot;:&quot;&quot;,&quot;left&quot;:&quot;&quot;,&quot;isLinked&quot;:true},&quot;element_pack_global_tooltip_padding_tablet&quot;:{&quot;unit&quot;:&quot;px&quot;,&quot;top&quot;:&quot;&quot;,&quot;right&quot;:&quot;&quot;,&quot;bottom&quot;:&quot;&quot;,&quot;left&quot;:&quot;&quot;,&quot;isLinked&quot;:true},&quot;element_pack_global_tooltip_padding_mobile&quot;:{&quot;unit&quot;:&quot;px&quot;,&quot;top&quot;:&quot;&quot;,&quot;right&quot;:&quot;&quot;,&quot;bottom&quot;:&quot;&quot;,&quot;left&quot;:&quot;&quot;,&quot;isLinked&quot;:true},&quot;element_pack_global_tooltip_border_radius&quot;:{&quot;unit&quot;:&quot;px&quot;,&quot;top&quot;:&quot;&quot;,&quot;right&quot;:&quot;&quot;,&quot;bottom&quot;:&quot;&quot;,&quot;left&quot;:&quot;&quot;,&quot;isLinked&quot;:true},&quot;element_pack_global_tooltip_border_radius_tablet&quot;:{&quot;unit&quot;:&quot;px&quot;,&quot;top&quot;:&quot;&quot;,&quot;right&quot;:&quot;&quot;,&quot;bottom&quot;:&quot;&quot;,&quot;left&quot;:&quot;&quot;,&quot;isLinked&quot;:true},&quot;element_pack_global_tooltip_border_radius_mobile&quot;:{&quot;unit&quot;:&quot;px&quot;,&quot;top&quot;:&quot;&quot;,&quot;right&quot;:&quot;&quot;,&quot;bottom&quot;:&quot;&quot;,&quot;left&quot;:&quot;&quot;,&quot;isLinked&quot;:true}}\">\n\t\t\t\t\t\t<section class=\"elementor-section elementor-top-section elementor-element elementor-element-8d2b3be elementor-section-height-min-height elementor-section-boxed elementor-section-height-default elementor-section-items-middle\" data-id=\"8d2b3be\" data-element_type=\"section\">\n\t\t\t\t\t\t\t<div class=\"elementor-background-overlay\"><\/div>\n\t\t\t\t\t\t\t<div class=\"elementor-container elementor-column-gap-default\">\n\t\t\t\t\t<div class=\"elementor-column elementor-col-100 elementor-top-column elementor-element elementor-element-07dce77\" data-id=\"07dce77\" data-element_type=\"column\">\n\t\t\t<div class=\"elementor-widget-wrap elementor-element-populated\">\n\t\t\t\t\t\t<div class=\"elementor-element elementor-element-3633817 elementor-widget elementor-widget-heading\" data-id=\"3633817\" data-element_type=\"widget\" data-widget_type=\"heading.default\">\n\t\t\t\t<div class=\"elementor-widget-container\">\n\t\t\t\t\t<h2 class=\"elementor-heading-title elementor-size-default\">Politique de Confidentialit\u00e9<\/h2>\t\t\t\t<\/div>\n\t\t\t\t<\/div>\n\t\t\t\t\t<\/div>\n\t\t<\/div>\n\t\t\t\t\t<\/div>\n\t\t<\/section>\n\t\t\t\t<section class=\"elementor-section elementor-top-section elementor-element elementor-element-2555587 elementor-section-full_width elementor-section-height-default elementor-section-height-default\" data-id=\"2555587\" data-element_type=\"section\" data-settings=\"{&quot;background_background&quot;:&quot;classic&quot;}\">\n\t\t\t\t\t\t<div class=\"elementor-container elementor-column-gap-default\">\n\t\t\t\t\t<div class=\"elementor-column elementor-col-100 elementor-top-column elementor-element elementor-element-ed6255c\" data-id=\"ed6255c\" data-element_type=\"column\">\n\t\t\t<div class=\"elementor-widget-wrap elementor-element-populated\">\n\t\t\t\t\t\t<section class=\"elementor-section elementor-inner-section elementor-element elementor-element-10dc9bb elementor-reverse-tablet elementor-reverse-mobile elementor-section-boxed elementor-section-height-default elementor-section-height-default\" data-id=\"10dc9bb\" data-element_type=\"section\">\n\t\t\t\t\t\t<div class=\"elementor-container elementor-column-gap-default\">\n\t\t\t\t\t<div class=\"elementor-column elementor-col-50 elementor-inner-column elementor-element elementor-element-c9975a6 elementor-invisible\" data-id=\"c9975a6\" data-element_type=\"column\" data-settings=\"{&quot;animation&quot;:&quot;fadeInLeft&quot;}\">\n\t\t\t<div class=\"elementor-widget-wrap elementor-element-populated\">\n\t\t\t\t\t\t<div class=\"elementor-element elementor-element-6e684d6 elementor-widget elementor-widget-text-editor\" data-id=\"6e684d6\" data-element_type=\"widget\" data-widget_type=\"text-editor.default\">\n\t\t\t\t<div class=\"elementor-widget-container\">\n\t\t\t\t\t\t\t\t\t<p>La protection de votre vie priv\u00e9e est d&rsquo;une grande importance pour le COJOJ. Cette politique de confidentialit\u00e9 a pour objectif de vous expliquer comment nous collectons, utilisons, partageons et prot\u00e9geons vos informations personnelles lorsque vous utilisez notre site.<\/p><ol><li><strong> Collecte des informations<\/strong><\/li><\/ol><p>Nous collectons des informations personnelles lorsque vous utilisez notre site web. Les types d&rsquo;informations que nous collectons peuvent inclure, sans s&rsquo;y limiter :<\/p><ul><li><strong>Informations personnelles identifiables<\/strong> : nom, pr\u00e9nom, \u00e2ge, sexe, adresse e-mail, num\u00e9ro de t\u00e9l\u00e9phone.<\/li><li>Informations techniques : adresse IP, type de navigateur, syst\u00e8me d&rsquo;exploitation, donn\u00e9es de navigation (cookies).<\/li><\/ul><ol start=\"2\"><li><strong> Utilisation des informations<\/strong><\/li><\/ol><p>Les informations que nous collectons sont utilis\u00e9es pour proc\u00e9der au choix des participants au programme de la Dakar 2026 Learning Academy.<\/p><ol start=\"3\"><li><strong> Partage des informations<\/strong><\/li><\/ol><p>Nous ne vendons ni ne louons vos informations personnelles \u00e0 des tiers. Toutefois, nous pouvons partager vos informations dans les situations suivantes\u00a0:<\/p><ul><li>pour se conformer aux obligations l\u00e9gales ou en r\u00e9ponse \u00e0 des demandes l\u00e9gales de la part des autorit\u00e9s comp\u00e9tentes.<\/li><li>pour le traitement de vos donn\u00e9es par des tiers autoris\u00e9s par le COJOJ dans la mesure strictement n\u00e9cessaire au choix des participants au programme de la Dakar 2026 Learning Academy.<\/li><\/ul><ol start=\"4\"><li><strong> Protection des informations<\/strong><\/li><\/ol><p>Nous mettons en place des mesures de s\u00e9curit\u00e9 appropri\u00e9es pour prot\u00e9ger vos informations personnelles contre la perte, l&rsquo;acc\u00e8s non autoris\u00e9, l&rsquo;utilisation abusive, la divulgation, l&rsquo;alt\u00e9ration et la destruction. Cependant, aucun syst\u00e8me de s\u00e9curit\u00e9 n&rsquo;est totalement infaillible, et nous ne pouvons garantir \u00e0 100 % la s\u00e9curit\u00e9 de vos informations.<\/p><p>\u00a0 \u00a0 \u00a0 \u00a05. <strong style=\"font-family: -apple-system, BlinkMacSystemFont, 'Segoe UI', Roboto, 'Helvetica Neue', Arial, 'Noto Sans', sans-serif, 'Apple Color Emoji', 'Segoe UI Emoji', 'Segoe UI Symbol', 'Noto Color Emoji';\">Vos droits<\/strong><\/p><p>Conform\u00e9ment \u00e0 la loi n\u00b0 2008-12 du 25 janvier 2008 sur la protection des donn\u00e9es personnelles, vous disposez de certains droits concernant le traitement de vos donn\u00e9es personnelles, y compris :<\/p><ul><li><strong>Acc\u00e8s<\/strong> \u00e0 vos donn\u00e9es personnelles.<\/li><li><strong>Correction<\/strong> de toute information incorrecte ou incompl\u00e8te.<\/li><li><strong>Limitation <\/strong>du traitement de vos donn\u00e9es.<\/li><li><strong>Suppression<\/strong> de vos donn\u00e9es dans certains cas.<\/li><li><strong>Opposition<\/strong> \u00e0 l&rsquo;utilisation de vos informations.<\/li><li>\u00a0<\/li><\/ul><p>Pour exercer vos droits, vous pouvez nous contacter \u00e0 l&rsquo;adresse suivante : <a href=\"mailto:learningacademy@dakar2026.org\">learningacademy@dakar2026.org<\/a><\/p><p>\u00a0 \u00a0 \u00a0 \u00a06.<strong style=\"font-family: -apple-system, BlinkMacSystemFont, 'Segoe UI', Roboto, 'Helvetica Neue', Arial, 'Noto Sans', sans-serif, 'Apple Color Emoji', 'Segoe UI Emoji', 'Segoe UI Symbol', 'Noto Color Emoji';\"> Modifications de cette politique<\/strong><\/p><p>Nous nous r\u00e9servons le droit de modifier cette politique de confidentialit\u00e9 \u00e0 tout moment. Toute modification sera publi\u00e9e sur cette page, et la date de la derni\u00e8re mise \u00e0 jour sera indiqu\u00e9e en haut de la politique. Il est de votre responsabilit\u00e9 de consulter r\u00e9guli\u00e8rement cette politique pour \u00eatre inform\u00e9 de toute mise \u00e0 jour.<\/p><p>\u00a0 \u00a0 \u00a0 \u00a07.<strong style=\"font-family: -apple-system, BlinkMacSystemFont, 'Segoe UI', Roboto, 'Helvetica Neue', Arial, 'Noto Sans', sans-serif, 'Apple Color Emoji', 'Segoe UI Emoji', 'Segoe UI Symbol', 'Noto Color Emoji';\"> Contact<\/strong><\/p><p>Si vous avez des questions concernant cette politique de confidentialit\u00e9 ou si vous souhaitez exercer vos droits, n&rsquo;h\u00e9sitez pas \u00e0 nous contacter \u00e0 l&rsquo;adresse suivante : <a href=\"mailto:learningacademy@dakar2026.org\">learningacademy@dakar2026.org<\/a><\/p>\t\t\t\t\t\t\t\t<\/div>\n\t\t\t\t<\/div>\n\t\t\t\t\t<\/div>\n\t\t<\/div>\n\t\t\t\t<div class=\"elementor-column elementor-col-50 elementor-inner-column elementor-element elementor-element-3622ff2 animated-slow elementor-invisible\" data-id=\"3622ff2\" data-element_type=\"column\" data-settings=\"{&quot;background_background&quot;:&quot;classic&quot;,&quot;animation&quot;:&quot;fadeInDown&quot;}\">\n\t\t\t<div class=\"elementor-widget-wrap elementor-element-populated\">\n\t\t\t\t\t\t<div class=\"elementor-element elementor-element-cf78032 elementor-widget elementor-widget-image\" data-id=\"cf78032\" data-element_type=\"widget\" data-widget_type=\"image.default\">\n\t\t\t\t<div class=\"elementor-widget-container\">\n\t\t\t\t\t\t\t\t\t\t\t\t\t\t\t<img fetchpriority=\"high\" decoding=\"async\" width=\"800\" height=\"262\" src=\"https:\/\/dakar2026learningacademy.org\/wp-content\/uploads\/2025\/02\/WhatsApp-Image-2025-02-20-at-12.50.19.jpeg\" class=\"attachment-large size-large wp-image-20\" alt=\"\" srcset=\"https:\/\/dakar2026learningacademy.org\/wp-content\/uploads\/2025\/02\/WhatsApp-Image-2025-02-20-at-12.50.19.jpeg 852w, https:\/\/dakar2026learningacademy.org\/wp-content\/uploads\/2025\/02\/WhatsApp-Image-2025-02-20-at-12.50.19-300x98.jpeg 300w, https:\/\/dakar2026learningacademy.org\/wp-content\/uploads\/2025\/02\/WhatsApp-Image-2025-02-20-at-12.50.19-768x251.jpeg 768w\" sizes=\"(max-width: 800px) 100vw, 800px\" \/>\t\t\t\t\t\t\t\t\t\t\t\t\t\t\t<\/div>\n\t\t\t\t<\/div>\n\t\t\t\t\t<\/div>\n\t\t<\/div>\n\t\t\t\t\t<\/div>\n\t\t<\/section>\n\t\t\t\t\t<\/div>\n\t\t<\/div>\n\t\t\t\t\t<\/div>\n\t\t<\/section>\n\t\t\t\t<\/div>\n\t\t","protected":false},"excerpt":{"rendered":"<p>Politique de Confidentialit\u00e9 La protection de votre vie priv\u00e9e est d&rsquo;une grande importance pour le COJOJ. Cette politique de confidentialit\u00e9 a pour objectif de vous expliquer comment nous collectons, utilisons, partageons et prot\u00e9geons vos informations personnelles lorsque vous utilisez notre site. Collecte des informations Nous collectons des informations personnelles lorsque vous utilisez notre site web. [&hellip;]<\/p>\n","protected":false},"author":1,"featured_media":0,"parent":0,"menu_order":0,"comment_status":"closed","ping_status":"closed","template":"elementor_header_footer","meta":{"_acf_changed":false,"footnotes":""},"class_list":["post-796","page","type-page","status-publish","hentry"],"acf":[],"_links":{"self":[{"href":"https:\/\/dakar2026learningacademy.org\/index.php?rest_route=\/wp\/v2\/pages\/796","targetHints":{"allow":["GET"]}}],"collection":[{"href":"https:\/\/dakar2026learningacademy.org\/index.php?rest_route=\/wp\/v2\/pages"}],"about":[{"href":"https:\/\/dakar2026learningacademy.org\/index.php?rest_route=\/wp\/v2\/types\/page"}],"author":[{"embeddable":true,"href":"https:\/\/dakar2026learningacademy.org\/index.php?rest_route=\/wp\/v2\/users\/1"}],"replies":[{"embeddable":true,"href":"https:\/\/dakar2026learningacademy.org\/index.php?rest_route=%2Fwp%2Fv2%2Fcomments&post=796"}],"version-history":[{"count":7,"href":"https:\/\/dakar2026learningacademy.org\/index.php?rest_route=\/wp\/v2\/pages\/796\/revisions"}],"predecessor-version":[{"id":840,"href":"https:\/\/dakar2026learningacademy.org\/index.php?rest_route=\/wp\/v2\/pages\/796\/revisions\/840"}],"wp:attachment":[{"href":"https:\/\/dakar2026learningacademy.org\/index.php?rest_route=%2Fwp%2Fv2%2Fmedia&parent=796"}],"curies":[{"name":"wp","href":"https:\/\/api.w.org\/{rel}","templated":true}]}}