{"id":786,"date":"2025-03-12T19:04:09","date_gmt":"2025-03-12T19:04:09","guid":{"rendered":"https:\/\/dakar2026learningacademy.org\/?page_id=786"},"modified":"2025-03-12T19:05:06","modified_gmt":"2025-03-12T19:05:06","slug":"gestion-des-cookies","status":"publish","type":"page","link":"https:\/\/dakar2026learningacademy.org\/?page_id=786","title":{"rendered":"GESTION DES COOKIES"},"content":{"rendered":"\t\t<div data-elementor-type=\"wp-page\" data-elementor-id=\"786\" class=\"elementor elementor-786\" data-elementor-settings=\"{&quot;element_pack_global_tooltip_width&quot;:{&quot;unit&quot;:&quot;px&quot;,&quot;size&quot;:&quot;&quot;,&quot;sizes&quot;:[]},&quot;element_pack_global_tooltip_width_tablet&quot;:{&quot;unit&quot;:&quot;px&quot;,&quot;size&quot;:&quot;&quot;,&quot;sizes&quot;:[]},&quot;element_pack_global_tooltip_width_mobile&quot;:{&quot;unit&quot;:&quot;px&quot;,&quot;size&quot;:&quot;&quot;,&quot;sizes&quot;:[]},&quot;element_pack_global_tooltip_padding&quot;:{&quot;unit&quot;:&quot;px&quot;,&quot;top&quot;:&quot;&quot;,&quot;right&quot;:&quot;&quot;,&quot;bottom&quot;:&quot;&quot;,&quot;left&quot;:&quot;&quot;,&quot;isLinked&quot;:true},&quot;element_pack_global_tooltip_padding_tablet&quot;:{&quot;unit&quot;:&quot;px&quot;,&quot;top&quot;:&quot;&quot;,&quot;right&quot;:&quot;&quot;,&quot;bottom&quot;:&quot;&quot;,&quot;left&quot;:&quot;&quot;,&quot;isLinked&quot;:true},&quot;element_pack_global_tooltip_padding_mobile&quot;:{&quot;unit&quot;:&quot;px&quot;,&quot;top&quot;:&quot;&quot;,&quot;right&quot;:&quot;&quot;,&quot;bottom&quot;:&quot;&quot;,&quot;left&quot;:&quot;&quot;,&quot;isLinked&quot;:true},&quot;element_pack_global_tooltip_border_radius&quot;:{&quot;unit&quot;:&quot;px&quot;,&quot;top&quot;:&quot;&quot;,&quot;right&quot;:&quot;&quot;,&quot;bottom&quot;:&quot;&quot;,&quot;left&quot;:&quot;&quot;,&quot;isLinked&quot;:true},&quot;element_pack_global_tooltip_border_radius_tablet&quot;:{&quot;unit&quot;:&quot;px&quot;,&quot;top&quot;:&quot;&quot;,&quot;right&quot;:&quot;&quot;,&quot;bottom&quot;:&quot;&quot;,&quot;left&quot;:&quot;&quot;,&quot;isLinked&quot;:true},&quot;element_pack_global_tooltip_border_radius_mobile&quot;:{&quot;unit&quot;:&quot;px&quot;,&quot;top&quot;:&quot;&quot;,&quot;right&quot;:&quot;&quot;,&quot;bottom&quot;:&quot;&quot;,&quot;left&quot;:&quot;&quot;,&quot;isLinked&quot;:true}}\">\n\t\t\t\t\t\t<section class=\"elementor-section elementor-top-section elementor-element elementor-element-1e8b3ae elementor-section-height-min-height elementor-section-boxed elementor-section-height-default elementor-section-items-middle\" data-id=\"1e8b3ae\" data-element_type=\"section\">\n\t\t\t\t\t\t\t<div class=\"elementor-background-overlay\"><\/div>\n\t\t\t\t\t\t\t<div class=\"elementor-container elementor-column-gap-default\">\n\t\t\t\t\t<div class=\"elementor-column elementor-col-100 elementor-top-column elementor-element elementor-element-300b9ae\" data-id=\"300b9ae\" data-element_type=\"column\">\n\t\t\t<div class=\"elementor-widget-wrap elementor-element-populated\">\n\t\t\t\t\t\t<div class=\"elementor-element elementor-element-bc2a592 elementor-widget elementor-widget-heading\" data-id=\"bc2a592\" data-element_type=\"widget\" data-widget_type=\"heading.default\">\n\t\t\t\t<div class=\"elementor-widget-container\">\n\t\t\t\t\t<h2 class=\"elementor-heading-title elementor-size-default\">GESTION DES COOKIES <\/h2>\t\t\t\t<\/div>\n\t\t\t\t<\/div>\n\t\t\t\t\t<\/div>\n\t\t<\/div>\n\t\t\t\t\t<\/div>\n\t\t<\/section>\n\t\t\t\t<section class=\"elementor-section elementor-top-section elementor-element elementor-element-4dccf91 elementor-section-full_width elementor-section-height-default elementor-section-height-default\" data-id=\"4dccf91\" data-element_type=\"section\" data-settings=\"{&quot;background_background&quot;:&quot;classic&quot;}\">\n\t\t\t\t\t\t<div class=\"elementor-container elementor-column-gap-default\">\n\t\t\t\t\t<div class=\"elementor-column elementor-col-100 elementor-top-column elementor-element elementor-element-787e669\" data-id=\"787e669\" data-element_type=\"column\">\n\t\t\t<div class=\"elementor-widget-wrap elementor-element-populated\">\n\t\t\t\t\t\t<section class=\"elementor-section elementor-inner-section elementor-element elementor-element-a1411d2 elementor-reverse-tablet elementor-reverse-mobile elementor-section-boxed elementor-section-height-default elementor-section-height-default\" data-id=\"a1411d2\" data-element_type=\"section\">\n\t\t\t\t\t\t<div class=\"elementor-container elementor-column-gap-default\">\n\t\t\t\t\t<div class=\"elementor-column elementor-col-50 elementor-inner-column elementor-element elementor-element-5bcf350 elementor-invisible\" data-id=\"5bcf350\" data-element_type=\"column\" data-settings=\"{&quot;animation&quot;:&quot;fadeInLeft&quot;}\">\n\t\t\t<div class=\"elementor-widget-wrap elementor-element-populated\">\n\t\t\t\t\t\t<div class=\"elementor-element elementor-element-98b4d6c elementor-widget elementor-widget-text-editor\" data-id=\"98b4d6c\" data-element_type=\"widget\" data-widget_type=\"text-editor.default\">\n\t\t\t\t<div class=\"elementor-widget-container\">\n\t\t\t\t\t\t\t\t\t<p>Les donn\u00e9es collect\u00e9es sont destin\u00e9es \u00e0 l\u2019usage des services offerts par le COJOJ. Elles sont n\u00e9cessaires au traitement et \u00e0 la gestion des fonctionnalit\u00e9s du Site ainsi qu\u2019aux relations commerciales entre le COJOJ et l\u2019Utilisateur et\/ou son entit\u00e9 d\u2019affaires. Elles permettent \u00e9galement au COJOJ de leur fournir des services personnalis\u00e9s et d\u2019am\u00e9liorer la pertinence des informations qui leur sont propos\u00e9es.<\/p><p><br \/>Les navigateurs poss\u00e8dent des fonctionnalit\u00e9s qui permettent \u00e0 l\u2019Utilisateur de s\u2019opposer \u00e0 l\u2019enregistrement de cookies, d\u2019\u00eatre pr\u00e9venu avant d\u2019accepter les cookies, ou de les effacer.<\/p><p><br \/>Le consentement de l\u2019Utilisateur est toujours requis pour recevoir les cookies. S\u2019il refuse les cookies du COJOJ, sa visite sur le site de Dakar2026learningacademy.org ne sera plus comptabilis\u00e9e dans ses outils de mesure de la fr\u00e9quentation, mais il se peut qu\u2019il ne puisse plus b\u00e9n\u00e9ficier d&rsquo;un certain nombre de fonctionnalit\u00e9s qui sont n\u00e9anmoins n\u00e9cessaires pour naviguer dans certains espaces du Site de Dakar2026learningacademy.org<\/p><p><br \/>Le COJOJ attire l\u2019attention de l\u2019Utilisateur sur le fait que le refus du d\u00e9p\u00f4t de cookies sur son terminal est n\u00e9anmoins susceptible d\u2019alt\u00e9rer son exp\u00e9rience d\u2019utilisateur ainsi que son acc\u00e8s \u00e0 certains services ou fonctionnalit\u00e9s du Site. Le cas \u00e9ch\u00e9ant, le COJOJ d\u00e9cline toute responsabilit\u00e9 concernant les cons\u00e9quences li\u00e9es \u00e0 la d\u00e9gradation des conditions de navigation qui interviennent en raison du choix de l\u2019Utilisateur de refuser, supprimer ou bloquer les cookies n\u00e9cessaires au fonctionnement du Site. Ces cons\u00e9quences ne sauraient constituer un dommage et l\u2019Utilisateur ne pourrait pr\u00e9tendre \u00e0 aucune indemnit\u00e9 de ce fait.<\/p><p><br \/>Le navigateur de l\u2019Utilisateur lui permet \u00e9galement de supprimer les cookies existants sur son terminal ou encore de lui signaler lorsque de nouveaux cookies sont susceptibles d\u2019\u00eatre d\u00e9pos\u00e9s sur son terminal. Ces param\u00e9trages n\u2019ont pas d\u2019incidence sur sa navigation mais lui font perdre tout le b\u00e9n\u00e9fice apport\u00e9 par les cookies.<br \/>\u00a0Sur la plateforme en ligne de Dakar2026learningacademy.org, figurent des boutons ou modules de r\u00e9seaux sociaux tiers qui permettent \u00e0 l\u2019Utilisateur d&rsquo;exploiter les fonctionnalit\u00e9s de ces r\u00e9seaux et en particulier de partager des contenus pr\u00e9sents sur le Site de Dakar2026learningacademy.org avec d&rsquo;autres personnes. Lorsque l\u2019Utilisateur se rend sur une page internet sur laquelle se trouve un de ces boutons ou modules, son navigateur peut envoyer des informations au r\u00e9seau social qui peut alors associer cette visualisation au profil de l\u2019Utilisateur.<\/p><p><br \/>Des cookies des r\u00e9seaux sociaux, dont le COJOJ n&rsquo;a pas la ma\u00eetrise, peuvent \u00eatre alors \u00eatre d\u00e9pos\u00e9s dans le navigateur de l\u2019Utilisateur par ces r\u00e9seaux. Le COJOJ invite ce dernier \u00e0 consulter la Politique de Confidentialit\u00e9 propre \u00e0 chacun de ces r\u00e9seaux sociaux afin de prendre connaissance des finalit\u00e9s d&rsquo;utilisation des informations de navigation que peuvent recueillir les r\u00e9seaux sociaux gr\u00e2ce \u00e0 ces boutons et modules.<\/p>\t\t\t\t\t\t\t\t<\/div>\n\t\t\t\t<\/div>\n\t\t\t\t\t<\/div>\n\t\t<\/div>\n\t\t\t\t<div class=\"elementor-column elementor-col-50 elementor-inner-column elementor-element elementor-element-15bcafa animated-slow elementor-invisible\" data-id=\"15bcafa\" data-element_type=\"column\" data-settings=\"{&quot;background_background&quot;:&quot;classic&quot;,&quot;animation&quot;:&quot;fadeInDown&quot;}\">\n\t\t\t<div class=\"elementor-widget-wrap elementor-element-populated\">\n\t\t\t\t\t\t<div class=\"elementor-element elementor-element-b5cb7e7 elementor-widget elementor-widget-image\" data-id=\"b5cb7e7\" data-element_type=\"widget\" data-widget_type=\"image.default\">\n\t\t\t\t<div class=\"elementor-widget-container\">\n\t\t\t\t\t\t\t\t\t\t\t\t\t\t\t<img fetchpriority=\"high\" decoding=\"async\" width=\"800\" height=\"262\" src=\"https:\/\/dakar2026learningacademy.org\/wp-content\/uploads\/2025\/02\/WhatsApp-Image-2025-02-20-at-12.50.19.jpeg\" class=\"attachment-large size-large wp-image-20\" alt=\"\" srcset=\"https:\/\/dakar2026learningacademy.org\/wp-content\/uploads\/2025\/02\/WhatsApp-Image-2025-02-20-at-12.50.19.jpeg 852w, https:\/\/dakar2026learningacademy.org\/wp-content\/uploads\/2025\/02\/WhatsApp-Image-2025-02-20-at-12.50.19-300x98.jpeg 300w, https:\/\/dakar2026learningacademy.org\/wp-content\/uploads\/2025\/02\/WhatsApp-Image-2025-02-20-at-12.50.19-768x251.jpeg 768w\" sizes=\"(max-width: 800px) 100vw, 800px\" \/>\t\t\t\t\t\t\t\t\t\t\t\t\t\t\t<\/div>\n\t\t\t\t<\/div>\n\t\t\t\t\t<\/div>\n\t\t<\/div>\n\t\t\t\t\t<\/div>\n\t\t<\/section>\n\t\t\t\t\t<\/div>\n\t\t<\/div>\n\t\t\t\t\t<\/div>\n\t\t<\/section>\n\t\t\t\t<\/div>\n\t\t","protected":false},"excerpt":{"rendered":"<p>GESTION DES COOKIES Les donn\u00e9es collect\u00e9es sont destin\u00e9es \u00e0 l\u2019usage des services offerts par le COJOJ. Elles sont n\u00e9cessaires au traitement et \u00e0 la gestion des fonctionnalit\u00e9s du Site ainsi qu\u2019aux relations commerciales entre le COJOJ et l\u2019Utilisateur et\/ou son entit\u00e9 d\u2019affaires. Elles permettent \u00e9galement au COJOJ de leur fournir des services personnalis\u00e9s et d\u2019am\u00e9liorer [&hellip;]<\/p>\n","protected":false},"author":1,"featured_media":0,"parent":0,"menu_order":0,"comment_status":"closed","ping_status":"closed","template":"elementor_header_footer","meta":{"_acf_changed":false,"footnotes":""},"class_list":["post-786","page","type-page","status-publish","hentry"],"acf":[],"_links":{"self":[{"href":"https:\/\/dakar2026learningacademy.org\/index.php?rest_route=\/wp\/v2\/pages\/786","targetHints":{"allow":["GET"]}}],"collection":[{"href":"https:\/\/dakar2026learningacademy.org\/index.php?rest_route=\/wp\/v2\/pages"}],"about":[{"href":"https:\/\/dakar2026learningacademy.org\/index.php?rest_route=\/wp\/v2\/types\/page"}],"author":[{"embeddable":true,"href":"https:\/\/dakar2026learningacademy.org\/index.php?rest_route=\/wp\/v2\/users\/1"}],"replies":[{"embeddable":true,"href":"https:\/\/dakar2026learningacademy.org\/index.php?rest_route=%2Fwp%2Fv2%2Fcomments&post=786"}],"version-history":[{"count":4,"href":"https:\/\/dakar2026learningacademy.org\/index.php?rest_route=\/wp\/v2\/pages\/786\/revisions"}],"predecessor-version":[{"id":790,"href":"https:\/\/dakar2026learningacademy.org\/index.php?rest_route=\/wp\/v2\/pages\/786\/revisions\/790"}],"wp:attachment":[{"href":"https:\/\/dakar2026learningacademy.org\/index.php?rest_route=%2Fwp%2Fv2%2Fmedia&parent=786"}],"curies":[{"name":"wp","href":"https:\/\/api.w.org\/{rel}","templated":true}]}}