{"id":781,"date":"2025-03-12T19:01:12","date_gmt":"2025-03-12T19:01:12","guid":{"rendered":"https:\/\/dakar2026learningacademy.org\/?page_id=781"},"modified":"2025-03-12T19:09:57","modified_gmt":"2025-03-12T19:09:57","slug":"conditions-generales-dutilisation-du-site-internet","status":"publish","type":"page","link":"https:\/\/dakar2026learningacademy.org\/?page_id=781","title":{"rendered":"Conditions G\u00e9n\u00e9rales d&rsquo;Utilisation du site internet"},"content":{"rendered":"\t\t<div data-elementor-type=\"wp-page\" data-elementor-id=\"781\" class=\"elementor elementor-781\" data-elementor-settings=\"{&quot;element_pack_global_tooltip_width&quot;:{&quot;unit&quot;:&quot;px&quot;,&quot;size&quot;:&quot;&quot;,&quot;sizes&quot;:[]},&quot;element_pack_global_tooltip_width_tablet&quot;:{&quot;unit&quot;:&quot;px&quot;,&quot;size&quot;:&quot;&quot;,&quot;sizes&quot;:[]},&quot;element_pack_global_tooltip_width_mobile&quot;:{&quot;unit&quot;:&quot;px&quot;,&quot;size&quot;:&quot;&quot;,&quot;sizes&quot;:[]},&quot;element_pack_global_tooltip_padding&quot;:{&quot;unit&quot;:&quot;px&quot;,&quot;top&quot;:&quot;&quot;,&quot;right&quot;:&quot;&quot;,&quot;bottom&quot;:&quot;&quot;,&quot;left&quot;:&quot;&quot;,&quot;isLinked&quot;:true},&quot;element_pack_global_tooltip_padding_tablet&quot;:{&quot;unit&quot;:&quot;px&quot;,&quot;top&quot;:&quot;&quot;,&quot;right&quot;:&quot;&quot;,&quot;bottom&quot;:&quot;&quot;,&quot;left&quot;:&quot;&quot;,&quot;isLinked&quot;:true},&quot;element_pack_global_tooltip_padding_mobile&quot;:{&quot;unit&quot;:&quot;px&quot;,&quot;top&quot;:&quot;&quot;,&quot;right&quot;:&quot;&quot;,&quot;bottom&quot;:&quot;&quot;,&quot;left&quot;:&quot;&quot;,&quot;isLinked&quot;:true},&quot;element_pack_global_tooltip_border_radius&quot;:{&quot;unit&quot;:&quot;px&quot;,&quot;top&quot;:&quot;&quot;,&quot;right&quot;:&quot;&quot;,&quot;bottom&quot;:&quot;&quot;,&quot;left&quot;:&quot;&quot;,&quot;isLinked&quot;:true},&quot;element_pack_global_tooltip_border_radius_tablet&quot;:{&quot;unit&quot;:&quot;px&quot;,&quot;top&quot;:&quot;&quot;,&quot;right&quot;:&quot;&quot;,&quot;bottom&quot;:&quot;&quot;,&quot;left&quot;:&quot;&quot;,&quot;isLinked&quot;:true},&quot;element_pack_global_tooltip_border_radius_mobile&quot;:{&quot;unit&quot;:&quot;px&quot;,&quot;top&quot;:&quot;&quot;,&quot;right&quot;:&quot;&quot;,&quot;bottom&quot;:&quot;&quot;,&quot;left&quot;:&quot;&quot;,&quot;isLinked&quot;:true}}\">\n\t\t\t\t\t\t<section class=\"elementor-section elementor-top-section elementor-element elementor-element-c003c4d elementor-section-height-min-height elementor-section-boxed elementor-section-height-default elementor-section-items-middle\" data-id=\"c003c4d\" data-element_type=\"section\">\n\t\t\t\t\t\t\t<div class=\"elementor-background-overlay\"><\/div>\n\t\t\t\t\t\t\t<div class=\"elementor-container elementor-column-gap-default\">\n\t\t\t\t\t<div class=\"elementor-column elementor-col-100 elementor-top-column elementor-element elementor-element-1654baf\" data-id=\"1654baf\" data-element_type=\"column\">\n\t\t\t<div class=\"elementor-widget-wrap elementor-element-populated\">\n\t\t\t\t\t\t<div class=\"elementor-element elementor-element-9ce3f69 elementor-widget elementor-widget-heading\" data-id=\"9ce3f69\" data-element_type=\"widget\" data-widget_type=\"heading.default\">\n\t\t\t\t<div class=\"elementor-widget-container\">\n\t\t\t\t\t<h2 class=\"elementor-heading-title elementor-size-default\">Conditions G\u00e9n\u00e9rales d'Utilisation du site internet <\/h2>\t\t\t\t<\/div>\n\t\t\t\t<\/div>\n\t\t\t\t\t<\/div>\n\t\t<\/div>\n\t\t\t\t\t<\/div>\n\t\t<\/section>\n\t\t\t\t<section class=\"elementor-section elementor-top-section elementor-element elementor-element-3e2ebea elementor-section-full_width elementor-section-height-default elementor-section-height-default\" data-id=\"3e2ebea\" data-element_type=\"section\" data-settings=\"{&quot;background_background&quot;:&quot;classic&quot;}\">\n\t\t\t\t\t\t<div class=\"elementor-container elementor-column-gap-default\">\n\t\t\t\t\t<div class=\"elementor-column elementor-col-100 elementor-top-column elementor-element elementor-element-db28502\" data-id=\"db28502\" data-element_type=\"column\">\n\t\t\t<div class=\"elementor-widget-wrap elementor-element-populated\">\n\t\t\t\t\t\t<section class=\"elementor-section elementor-inner-section elementor-element elementor-element-4dac2f5 elementor-reverse-tablet elementor-reverse-mobile elementor-section-boxed elementor-section-height-default elementor-section-height-default\" data-id=\"4dac2f5\" data-element_type=\"section\">\n\t\t\t\t\t\t<div class=\"elementor-container elementor-column-gap-default\">\n\t\t\t\t\t<div class=\"elementor-column elementor-col-50 elementor-inner-column elementor-element elementor-element-3704b34 elementor-invisible\" data-id=\"3704b34\" data-element_type=\"column\" data-settings=\"{&quot;animation&quot;:&quot;fadeInLeft&quot;}\">\n\t\t\t<div class=\"elementor-widget-wrap elementor-element-populated\">\n\t\t\t\t\t\t<div class=\"elementor-element elementor-element-92bf91d elementor-widget elementor-widget-text-editor\" data-id=\"92bf91d\" data-element_type=\"widget\" data-widget_type=\"text-editor.default\">\n\t\t\t\t<div class=\"elementor-widget-container\">\n\t\t\t\t\t\t\t\t\t<ol><li><strong> Introduction<\/strong><\/li><\/ol><p>Bienvenue sur Dakar2026learningacademy.org (ci-apr\u00e8s \u00ab le Site \u00bb). En acc\u00e9dant ou en utilisant ce Site, vous acceptez les pr\u00e9sentes conditions g\u00e9n\u00e9rales d&rsquo;utilisation (ci-apr\u00e8s \u00ab CGU \u00bb), ainsi que toutes les lois et r\u00e9glementations applicables. Si vous n&rsquo;\u00eates pas d&rsquo;accord avec l&rsquo;une de ces conditions, veuillez ne pas utiliser ce Site.<\/p><p>Le Comit\u00e9 d\u2019Organisation des Jeux Olympiques de la Jeunesse Dakar 2026 (ci-apr\u00e8s le \u00ab\u00a0COJOJ \u00bb) se r\u00e9serve le droit de modifier les pr\u00e9sentes CGU \u00e0 tout moment. Les modifications entreront en vigueur d\u00e8s leur publication sur cette page. Il est donc recommand\u00e9 de consulter r\u00e9guli\u00e8rement cette page pour prendre connaissance des \u00e9ventuelles mises \u00e0 jour.<\/p><ol start=\"2\"><li><strong> Objet du Site<\/strong><\/li><\/ol><p>Le Site propose des contenus relatifs au programme de formation de la Dakar 2026 Learning Academy. Le Site est destin\u00e9 \u00e0 un usage personnel et non commercial, sauf indication contraire dans les services propos\u00e9s.<\/p><ol start=\"3\"><li><strong> Acc\u00e8s et Inscription<\/strong><\/li><\/ol><p>L&rsquo;acc\u00e8s au Site est libre, mais l&rsquo;utilisation de certaines sections ou services peut n\u00e9cessiter une inscription pr\u00e9alable. L&rsquo;utilisateur s&rsquo;engage \u00e0 fournir des informations exactes et compl\u00e8tes lors de son inscription et \u00e0 les mettre \u00e0 jour en cas de modification. L&rsquo;utilisateur est responsable de la confidentialit\u00e9 de son compte, de ses identifiants et de son mot de passe.<\/p><p>En cas de perte ou de vol de ses identifiants, l&rsquo;utilisateur doit en informer imm\u00e9diatement les \u00e9quipes de la Dakar 2026 Learning Academy \u00e0 l\u2019adresse mail suivante : <a href=\"mailto:learningacademy@dakar2026.org\">learningacademy@dakar2026.org<\/a>. Le COJOJ ne pourra \u00eatre tenu responsable de l&rsquo;utilisation frauduleuse des informations de l&rsquo;utilisateur.<\/p><ol start=\"4\"><li><strong> Utilisation du Site<\/strong><\/li><\/ol><p>L&rsquo;utilisateur s&rsquo;engage \u00e0 ne pas :<\/p><ul><li>Utiliser le Site \u00e0 des fins ill\u00e9gales, ill\u00e9gitimes ou contraires \u00e0 l\u2019ordre public.<\/li><li>Perturber, endommager ou nuire au fonctionnement du Site ou \u00e0 son infrastructure technique.<\/li><li>Publier des contenus offensants, injurieux, diffamatoires, racistes, sexistes, violents, mena\u00e7ant ou incitant \u00e0 la haine.<\/li><li>Acc\u00e9der, manipuler ou interf\u00e9rer avec les donn\u00e9es personnelles d&rsquo;autres utilisateurs ou de tiers sans leur consentement.<\/li><li>Utiliser des robots, crawlers ou autres outils automatis\u00e9s pour collecter des informations sur le Site sans autorisation pr\u00e9alable.<\/li><\/ul><ol start=\"5\"><li><strong> Propri\u00e9t\u00e9 Intellectuelle<\/strong><\/li><\/ol><p>Le contenu du Site, y compris mais sans se limiter aux textes, images, vid\u00e9os, graphiques, logos, marques, ainsi que la structure et la pr\u00e9sentation du Site, sont prot\u00e9g\u00e9s par les lois sur la propri\u00e9t\u00e9 intellectuelle et appartiennent au COJOJ ou \u00e0 des tiers ayant accord\u00e9 une licence \u00e0 ce dernier.<\/p><p>L&rsquo;utilisateur s&rsquo;engage \u00e0 ne pas copier, reproduire, distribuer, transmettre, diffuser ou exploiter autrement les contenus du Site, sauf autorisation expresse du COJOJ ou des titulaires des droits.<\/p><ol start=\"6\"><li><strong> Responsabilit\u00e9 de l&rsquo;Utilisateur<\/strong><\/li><\/ol><p>L&rsquo;utilisateur est seul responsable de l&rsquo;utilisation qu&rsquo;il fait du Site. Le COJOJ ne peut \u00eatre tenu responsable des dommages directs ou indirects r\u00e9sultant de l&rsquo;utilisation ou de l&rsquo;impossibilit\u00e9 d&rsquo;utiliser le Site, y compris mais sans se limiter \u00e0 la perte de donn\u00e9es, de profits ou d\u2019opportunit\u00e9s d&rsquo;affaires.<\/p><p>L&rsquo;utilisateur garantit qu&rsquo;il respectera toutes les lois applicables lors de l&rsquo;utilisation du Site et qu&rsquo;il indemnisera le COJOJ en cas de r\u00e9clamation, dommage ou perte r\u00e9sultant de sa violation des pr\u00e9sentes conditions.<\/p><ol start=\"7\"><li><strong> Responsabilit\u00e9 du Site<\/strong><\/li><\/ol><p>Bien que le COJOJ fasse des efforts raisonnables pour fournir des informations exactes et actuelles, il ne peut garantir l&rsquo;exactitude, l&rsquo;exhaustivit\u00e9 ou l&rsquo;actualit\u00e9 des informations disponibles sur le Site. Le COJOJ se r\u00e9serve \u00e9galement le droit de modifier ou de suspendre l&rsquo;acc\u00e8s \u00e0 tout moment, sans pr\u00e9avis, notamment pour des raisons techniques ou de maintenance.<\/p><p>Le COJOJ ne saurait \u00eatre tenu responsable des erreurs, omissions ou interruptions dans l&rsquo;acc\u00e8s au Site, ainsi que des dommages pouvant d\u00e9couler de l&rsquo;utilisation de ce Site ou de l&rsquo;impossibilit\u00e9 d&rsquo;y acc\u00e9der.<\/p><ol start=\"8\"><li><strong> Protection des Donn\u00e9es \u00e0 caract\u00e8re Personnel<\/strong><\/li><\/ol><p><strong>8.1<\/strong> En soumettant votre candidature au programme de la Dakar 2026 Learning Academy, vous autorisez le COJOJ, le Comit\u00e9 International Olympique (CIO), ainsi que tout tiers autoris\u00e9 par eux, \u00e0 traiter vos donn\u00e9es \u00e0 caract\u00e8re personnel, y compris, mais sans s&rsquo;y limiter, nom et pr\u00e9nom, date de naissance, genre, num\u00e9ro(s) de t\u00e9l\u00e9phone, adresse courriel et adresse postale, dans le respect des dispositions de la loi s\u00e9n\u00e9galaise n\u00b0 2008-12 du 25 janvier 2008 relative \u00e0 la protection des donn\u00e9es \u00e0 caract\u00e8re personnel.<\/p><p><strong>8.2<\/strong> L\u2019autorisation que vous accordez au COJOJ, au CIO et aux tiers autoris\u00e9s par eux, est strictement r\u00e9serv\u00e9e \u00e0 l\u2019examen et au traitement de votre candidature au programme de la Dakar 2026 Learning Academy et \u00e0 votre potentiel recrutement si votre candidature est retenue. Cette autorisation comprend, notamment, le droit pour le COJOJ, le CIO et tout tiers autoris\u00e9 par eux de : \u00a0<\/p><ol><li>partager lesdites Donn\u00e9es \u00e0 caract\u00e8re personnel avec les autorit\u00e9s locales comp\u00e9tentes \u00e0 des fins de contr\u00f4les de s\u00e9curit\u00e9 ;<\/li><li>recruter des sous-traitants qui traiteront lesdites Donn\u00e9es \u00e0 caract\u00e8re personnel pour le compte du COJOJ et du CIO ; et<\/li><li>partager les Donn\u00e9es \u00e0 caract\u00e8re personnel avec tout tiers autoris\u00e9 par le COJOJ et\/ou le CIO afin de les utiliser dans la mesure strictement n\u00e9cessaire.<\/li><\/ol><p><strong>8.3 <\/strong><br \/>Pour les finalit\u00e9s mentionn\u00e9es ci-dessus, vous acceptez que vos donn\u00e9es \u00e0 caract\u00e8re personnel soient conserv\u00e9es par le COJOJ, le CIO et les tiers autoris\u00e9s par eux, aussi longtemps que n\u00e9cessaire sans exc\u00e9der une dur\u00e9e maximale de trois (3) ans \u00e0 compter de la date de soumission de votre candidature.<\/p><p>\u00a0<strong>8.4<\/strong> Dans le cadre du traitement de vos donn\u00e9es \u00e0 caract\u00e8re personnel par le COJOJ, le CIO ou tout tiers autoris\u00e9 par eux, comme pr\u00e9vu par la l\u00e9gislation applicable, vous avez les droits suivants :<\/p><ul><li><strong>Acc\u00e8s \u00e0 vos donn\u00e9es<\/strong> : Vous pouvez demander l\u2019acc\u00e8s \u00e0 vos donn\u00e9es \u00e0 caract\u00e8re personnel.<\/li><li><strong>Rectification ou suppression<\/strong> : Vous avez le droit de demander la rectification ou la suppression de toute donn\u00e9e \u00e0 caract\u00e8re personnel erron\u00e9e ou incompl\u00e8te.<\/li><li><strong>Limitation du traitement <\/strong>: Vous pouvez demander \u00e0 limiter le traitement de vos donn\u00e9es \u00e0 caract\u00e8re personnel.<\/li><li><strong>Opposition au traitement<\/strong> : Vous pouvez vous opposer au traitement de vos donn\u00e9es \u00e0 caract\u00e8re personnel pour des raisons tenant \u00e0 votre situation particuli\u00e8re.<\/li><\/ul><p>Pour exercer ces droits dont vous disposez, vous pouvez contacter le COJOJ par courriel \u00e0 l\u2019adresse suivante :\u00a0 <a href=\"mailto:learningacademy@dakar2026.org\">learningacademy@dakar2026.org<\/a><\/p><ol start=\"9\"><li><strong> Liens vers des Sites Externes<\/strong><\/li><\/ol><p>Le Site peut contenir des liens vers des sites externes. Ces liens sont fournis \u00e0 titre de commodit\u00e9 et ne signifient pas que le COJOJ approuve le contenu de ces sites. Le COJOJ n&rsquo;a aucun contr\u00f4le sur ces sites externes et d\u00e9cline toute responsabilit\u00e9 concernant leur contenu ou leurs pratiques, y compris en mati\u00e8re de protection des donn\u00e9es.<\/p><ol start=\"10\"><li><strong> Modification des Conditions<\/strong><\/li><\/ol><p>Le COJOJ se r\u00e9serve le droit de modifier ou de mettre \u00e0 jour ces CGU \u00e0 tout moment. Les utilisateurs seront inform\u00e9s des modifications par la publication des nouvelles conditions sur cette page. Il est de votre responsabilit\u00e9 de consulter r\u00e9guli\u00e8rement ces CGU pour prendre connaissance de toute modification.<\/p><ol start=\"11\"><li><strong> R\u00e9siliation<\/strong><\/li><\/ol><p>Le COJOJ se r\u00e9serve le droit de suspendre ou de r\u00e9silier l&rsquo;acc\u00e8s au Site \u00e0 tout moment, sans pr\u00e9avis, si l&rsquo;utilisateur viole l&rsquo;une des dispositions des pr\u00e9sentes CGU. En cas de r\u00e9siliation, l&rsquo;utilisateur devra imm\u00e9diatement cesser d&rsquo;utiliser le Site.<\/p><ol start=\"12\"><li><strong> Droit Applicable et Juridiction Comp\u00e9tente<\/strong><\/li><\/ol><p>Les pr\u00e9sentes CGU sont r\u00e9gies par le droit s\u00e9n\u00e9galais. Tout litige relatif \u00e0 l&rsquo;utilisation du Site sera soumis \u00e0 la comp\u00e9tence exclusive des tribunaux s\u00e9n\u00e9galais comp\u00e9tents.<\/p><p><strong>Politique de Confidentialit\u00e9<\/strong><\/p><p>Pour plus de d\u00e9tails concernant le traitement de vos donn\u00e9es personnelles, veuillez consulter notre <a href=\"https:\/\/dakar2026learningacademy.org\/?page_id=796\"><strong>[Politique de Confidentialit\u00e9].<\/strong><\/a><\/p>\t\t\t\t\t\t\t\t<\/div>\n\t\t\t\t<\/div>\n\t\t\t\t\t<\/div>\n\t\t<\/div>\n\t\t\t\t<div class=\"elementor-column elementor-col-50 elementor-inner-column elementor-element elementor-element-339d6f2 animated-slow elementor-invisible\" data-id=\"339d6f2\" data-element_type=\"column\" data-settings=\"{&quot;background_background&quot;:&quot;classic&quot;,&quot;animation&quot;:&quot;fadeInDown&quot;}\">\n\t\t\t<div class=\"elementor-widget-wrap elementor-element-populated\">\n\t\t\t\t\t\t<div class=\"elementor-element elementor-element-b786742 elementor-widget elementor-widget-image\" data-id=\"b786742\" data-element_type=\"widget\" data-widget_type=\"image.default\">\n\t\t\t\t<div class=\"elementor-widget-container\">\n\t\t\t\t\t\t\t\t\t\t\t\t\t\t\t<img fetchpriority=\"high\" decoding=\"async\" width=\"800\" height=\"262\" src=\"https:\/\/dakar2026learningacademy.org\/wp-content\/uploads\/2025\/02\/WhatsApp-Image-2025-02-20-at-12.50.19.jpeg\" class=\"attachment-large size-large wp-image-20\" alt=\"\" srcset=\"https:\/\/dakar2026learningacademy.org\/wp-content\/uploads\/2025\/02\/WhatsApp-Image-2025-02-20-at-12.50.19.jpeg 852w, https:\/\/dakar2026learningacademy.org\/wp-content\/uploads\/2025\/02\/WhatsApp-Image-2025-02-20-at-12.50.19-300x98.jpeg 300w, https:\/\/dakar2026learningacademy.org\/wp-content\/uploads\/2025\/02\/WhatsApp-Image-2025-02-20-at-12.50.19-768x251.jpeg 768w\" sizes=\"(max-width: 800px) 100vw, 800px\" \/>\t\t\t\t\t\t\t\t\t\t\t\t\t\t\t<\/div>\n\t\t\t\t<\/div>\n\t\t\t\t\t<\/div>\n\t\t<\/div>\n\t\t\t\t\t<\/div>\n\t\t<\/section>\n\t\t\t\t\t<\/div>\n\t\t<\/div>\n\t\t\t\t\t<\/div>\n\t\t<\/section>\n\t\t\t\t<\/div>\n\t\t","protected":false},"excerpt":{"rendered":"<p>Conditions G\u00e9n\u00e9rales d&rsquo;Utilisation du site internet Introduction Bienvenue sur Dakar2026learningacademy.org (ci-apr\u00e8s \u00ab le Site \u00bb). En acc\u00e9dant ou en utilisant ce Site, vous acceptez les pr\u00e9sentes conditions g\u00e9n\u00e9rales d&rsquo;utilisation (ci-apr\u00e8s \u00ab CGU \u00bb), ainsi que toutes les lois et r\u00e9glementations applicables. Si vous n&rsquo;\u00eates pas d&rsquo;accord avec l&rsquo;une de ces conditions, veuillez ne pas utiliser [&hellip;]<\/p>\n","protected":false},"author":1,"featured_media":0,"parent":0,"menu_order":0,"comment_status":"closed","ping_status":"closed","template":"elementor_header_footer","meta":{"_acf_changed":false,"footnotes":""},"class_list":["post-781","page","type-page","status-publish","hentry"],"acf":[],"_links":{"self":[{"href":"https:\/\/dakar2026learningacademy.org\/index.php?rest_route=\/wp\/v2\/pages\/781","targetHints":{"allow":["GET"]}}],"collection":[{"href":"https:\/\/dakar2026learningacademy.org\/index.php?rest_route=\/wp\/v2\/pages"}],"about":[{"href":"https:\/\/dakar2026learningacademy.org\/index.php?rest_route=\/wp\/v2\/types\/page"}],"author":[{"embeddable":true,"href":"https:\/\/dakar2026learningacademy.org\/index.php?rest_route=\/wp\/v2\/users\/1"}],"replies":[{"embeddable":true,"href":"https:\/\/dakar2026learningacademy.org\/index.php?rest_route=%2Fwp%2Fv2%2Fcomments&post=781"}],"version-history":[{"count":7,"href":"https:\/\/dakar2026learningacademy.org\/index.php?rest_route=\/wp\/v2\/pages\/781\/revisions"}],"predecessor-version":[{"id":803,"href":"https:\/\/dakar2026learningacademy.org\/index.php?rest_route=\/wp\/v2\/pages\/781\/revisions\/803"}],"wp:attachment":[{"href":"https:\/\/dakar2026learningacademy.org\/index.php?rest_route=%2Fwp%2Fv2%2Fmedia&parent=781"}],"curies":[{"name":"wp","href":"https:\/\/api.w.org\/{rel}","templated":true}]}}