{"id":69,"date":"2025-02-20T18:27:20","date_gmt":"2025-02-20T18:27:20","guid":{"rendered":"https:\/\/dakar2026learningacademy.org\/?page_id=69"},"modified":"2025-03-04T11:47:02","modified_gmt":"2025-03-04T11:47:02","slug":"les-joj","status":"publish","type":"page","link":"https:\/\/dakar2026learningacademy.org\/?page_id=69","title":{"rendered":"LES JOJ"},"content":{"rendered":"\t\t<div data-elementor-type=\"wp-page\" data-elementor-id=\"69\" class=\"elementor elementor-69\" data-elementor-settings=\"{&quot;element_pack_global_tooltip_width&quot;:{&quot;unit&quot;:&quot;px&quot;,&quot;size&quot;:&quot;&quot;,&quot;sizes&quot;:[]},&quot;element_pack_global_tooltip_width_tablet&quot;:{&quot;unit&quot;:&quot;px&quot;,&quot;size&quot;:&quot;&quot;,&quot;sizes&quot;:[]},&quot;element_pack_global_tooltip_width_mobile&quot;:{&quot;unit&quot;:&quot;px&quot;,&quot;size&quot;:&quot;&quot;,&quot;sizes&quot;:[]},&quot;element_pack_global_tooltip_padding&quot;:{&quot;unit&quot;:&quot;px&quot;,&quot;top&quot;:&quot;&quot;,&quot;right&quot;:&quot;&quot;,&quot;bottom&quot;:&quot;&quot;,&quot;left&quot;:&quot;&quot;,&quot;isLinked&quot;:true},&quot;element_pack_global_tooltip_padding_tablet&quot;:{&quot;unit&quot;:&quot;px&quot;,&quot;top&quot;:&quot;&quot;,&quot;right&quot;:&quot;&quot;,&quot;bottom&quot;:&quot;&quot;,&quot;left&quot;:&quot;&quot;,&quot;isLinked&quot;:true},&quot;element_pack_global_tooltip_padding_mobile&quot;:{&quot;unit&quot;:&quot;px&quot;,&quot;top&quot;:&quot;&quot;,&quot;right&quot;:&quot;&quot;,&quot;bottom&quot;:&quot;&quot;,&quot;left&quot;:&quot;&quot;,&quot;isLinked&quot;:true},&quot;element_pack_global_tooltip_border_radius&quot;:{&quot;unit&quot;:&quot;px&quot;,&quot;top&quot;:&quot;&quot;,&quot;right&quot;:&quot;&quot;,&quot;bottom&quot;:&quot;&quot;,&quot;left&quot;:&quot;&quot;,&quot;isLinked&quot;:true},&quot;element_pack_global_tooltip_border_radius_tablet&quot;:{&quot;unit&quot;:&quot;px&quot;,&quot;top&quot;:&quot;&quot;,&quot;right&quot;:&quot;&quot;,&quot;bottom&quot;:&quot;&quot;,&quot;left&quot;:&quot;&quot;,&quot;isLinked&quot;:true},&quot;element_pack_global_tooltip_border_radius_mobile&quot;:{&quot;unit&quot;:&quot;px&quot;,&quot;top&quot;:&quot;&quot;,&quot;right&quot;:&quot;&quot;,&quot;bottom&quot;:&quot;&quot;,&quot;left&quot;:&quot;&quot;,&quot;isLinked&quot;:true}}\">\n\t\t\t\t\t\t<section class=\"elementor-section elementor-top-section elementor-element elementor-element-f43728a elementor-section-height-min-height elementor-section-boxed elementor-section-height-default elementor-section-items-middle\" data-id=\"f43728a\" data-element_type=\"section\" data-settings=\"{&quot;background_background&quot;:&quot;classic&quot;}\">\n\t\t\t\t\t\t\t<div class=\"elementor-background-overlay\"><\/div>\n\t\t\t\t\t\t\t<div class=\"elementor-container elementor-column-gap-default\">\n\t\t\t\t\t<div class=\"elementor-column elementor-col-100 elementor-top-column elementor-element elementor-element-e66182b\" data-id=\"e66182b\" data-element_type=\"column\">\n\t\t\t<div class=\"elementor-widget-wrap elementor-element-populated\">\n\t\t\t\t\t\t<div class=\"elementor-element elementor-element-535e7e8 elementor-widget elementor-widget-heading\" data-id=\"535e7e8\" data-element_type=\"widget\" data-widget_type=\"heading.default\">\n\t\t\t\t<div class=\"elementor-widget-container\">\n\t\t\t\t\t<h2 class=\"elementor-heading-title elementor-size-default\">LES JEUX OLYMPIQUES DE LA JEUNESSE\n<\/h2>\t\t\t\t<\/div>\n\t\t\t\t<\/div>\n\t\t\t\t\t<\/div>\n\t\t<\/div>\n\t\t\t\t\t<\/div>\n\t\t<\/section>\n\t\t\t\t<section class=\"elementor-section elementor-top-section elementor-element elementor-element-38d68dd elementor-section-full_width elementor-section-height-default elementor-section-height-default\" data-id=\"38d68dd\" data-element_type=\"section\" data-settings=\"{&quot;background_background&quot;:&quot;classic&quot;}\">\n\t\t\t\t\t\t<div class=\"elementor-container elementor-column-gap-default\">\n\t\t\t\t\t<div class=\"elementor-column elementor-col-100 elementor-top-column elementor-element elementor-element-01fbbf7\" data-id=\"01fbbf7\" data-element_type=\"column\">\n\t\t\t<div class=\"elementor-widget-wrap elementor-element-populated\">\n\t\t\t\t\t\t<section class=\"elementor-section elementor-inner-section elementor-element elementor-element-aeef212 elementor-reverse-tablet elementor-reverse-mobile elementor-section-boxed elementor-section-height-default elementor-section-height-default\" data-id=\"aeef212\" data-element_type=\"section\">\n\t\t\t\t\t\t<div class=\"elementor-container elementor-column-gap-default\">\n\t\t\t\t\t<div class=\"elementor-column elementor-col-50 elementor-inner-column elementor-element elementor-element-18f5096 elementor-invisible\" data-id=\"18f5096\" data-element_type=\"column\" data-settings=\"{&quot;animation&quot;:&quot;fadeInLeft&quot;}\">\n\t\t\t<div class=\"elementor-widget-wrap elementor-element-populated\">\n\t\t\t\t\t\t<div class=\"elementor-element elementor-element-f3e5180 elementor-widget elementor-widget-text-editor\" data-id=\"f3e5180\" data-element_type=\"widget\" data-widget_type=\"text-editor.default\">\n\t\t\t\t<div class=\"elementor-widget-container\">\n\t\t\t\t\t\t\t\t\t<p class=\"p1\"><span class=\"s1\">Les 4e\u00a0Jeux Olympiques de la Jeunesse (JOJ) d&rsquo;\u00e9t\u00e9 se tiendront\u00a0pendant deux semaines \u00e0 partir du 31 octobre 2026\u00a0\u00e0 Dakar,\u00a0<a href=\"https:\/\/olympics.com\/cio\/senegal\"><span class=\"s2\">au S\u00e9n\u00e9gal<\/span><\/a>.<\/span><\/p><p class=\"p1\"><span class=\"s1\">lls r\u00e9uniront les meilleurs jeunes athl\u00e8tes du monde pour ce qui sera le premier \u00e9v\u00e9nement olympique organis\u00e9 sur le sol africain.<\/span><\/p><p class=\"p1\"><span class=\"s1\">Ces Jeux, qui se d\u00e9rouleront sur trois sites (Dakar, Diamniadio et Saly), ont l\u2019ambition de servir de catalyseur \u00e0 la transformation du S\u00e9n\u00e9gal par le sport, tout en devenant un mod\u00e8le pour les futurs h\u00f4tes des JOJ.<\/span><\/p><p class=\"p1\"><span class=\"s1\">Dakar 2026 est n\u00e9 de la volont\u00e9 de porter les\u00a0<a href=\"https:\/\/olympics.com\/cio\/jeux-olympiques-de-la-jeunesse\"><span class=\"s2\">Jeux Olympiques de la Jeunesse<\/span><\/a>\u00a0aux quatre coins du monde et de mettre l&rsquo;\u00e9v\u00e9nement au c\u0153ur de la transformation de l&rsquo;Afrique. La culture et la pratique du sport au S\u00e9n\u00e9gal sont enracin\u00e9es dans l&rsquo;histoire et dans la population du pays, en particulier chez les jeunes. Ces Jeux se veulent synonymes de symbiose, d&rsquo;\u00e9change, de joie et de fiert\u00e9, mais aussi d&rsquo;humilit\u00e9, pour la jeunesse du monde entier, d&rsquo;Afrique et <\/span><span class=\"s3\">du S\u00e9n\u00e9gal. Le sport se veut une f\u00eate et une mani\u00e8re de vivre ensemble, un vecteur de paix, de rapprochement et de coh\u00e9sion sociale.<\/span><\/p><p class=\"p2\"><span class=\"s1\">La nouvelle devise de ces JOJ \u2013 \u201cL&rsquo;Afrique accueille, Dakar c\u00e9l\u00e8bre\u201d \u2013 est l&rsquo;incarnation de cette approche. Elle entend montrer que les jeunes Africains sont pr\u00eats \u00e0 accueillir la jeunesse du monde entier afin de fa\u00e7onner ensemble leur avenir commun pendant les Jeux.<\/span><\/p>\t\t\t\t\t\t\t\t<\/div>\n\t\t\t\t<\/div>\n\t\t\t\t<div class=\"elementor-element elementor-element-7e3680b elementor-align-left elementor-icon-list--layout-traditional elementor-list-item-link-full_width elementor-widget elementor-widget-icon-list\" data-id=\"7e3680b\" data-element_type=\"widget\" data-widget_type=\"icon-list.default\">\n\t\t\t\t<div class=\"elementor-widget-container\">\n\t\t\t\t\t\t\t<ul class=\"elementor-icon-list-items\">\n\t\t\t\t\t\t\t<li class=\"elementor-icon-list-item\">\n\t\t\t\t\t\t\t\t\t\t<span class=\"elementor-icon-list-text\">Pour plus d\u2019informations sur les Jeux Olympiques de la jeunesse : <\/span>\n\t\t\t\t\t\t\t\t\t<\/li>\n\t\t\t\t\t\t<\/ul>\n\t\t\t\t\t\t<\/div>\n\t\t\t\t<\/div>\n\t\t\t\t<div class=\"elementor-element elementor-element-11e8f29 elementor-widget elementor-widget-button\" data-id=\"11e8f29\" data-element_type=\"widget\" data-widget_type=\"button.default\">\n\t\t\t\t<div class=\"elementor-widget-container\">\n\t\t\t\t\t\t\t\t\t<div class=\"elementor-button-wrapper\">\n\t\t\t\t\t<a class=\"elementor-button elementor-button-link elementor-size-sm\" href=\"https:\/\/www.olympics.com\/cio\/dakar-2026\">\n\t\t\t\t\t\t<span class=\"elementor-button-content-wrapper\">\n\t\t\t\t\t\t\t\t\t<span class=\"elementor-button-text\">Dakar 2026 - Jeux Olympiques de la Jeunesse<\/span>\n\t\t\t\t\t<\/span>\n\t\t\t\t\t<\/a>\n\t\t\t\t<\/div>\n\t\t\t\t\t\t\t\t<\/div>\n\t\t\t\t<\/div>\n\t\t\t\t\t<\/div>\n\t\t<\/div>\n\t\t\t\t<div class=\"elementor-column elementor-col-50 elementor-inner-column elementor-element elementor-element-375bd0b animated-slow elementor-invisible\" data-id=\"375bd0b\" data-element_type=\"column\" data-settings=\"{&quot;animation&quot;:&quot;fadeInDown&quot;}\">\n\t\t\t<div class=\"elementor-widget-wrap elementor-element-populated\">\n\t\t\t\t\t\t<div class=\"elementor-element elementor-element-b570ed2 elementor-widget elementor-widget-image\" data-id=\"b570ed2\" data-element_type=\"widget\" data-widget_type=\"image.default\">\n\t\t\t\t<div class=\"elementor-widget-container\">\n\t\t\t\t\t\t\t\t\t\t\t\t\t\t\t<img fetchpriority=\"high\" decoding=\"async\" width=\"800\" height=\"450\" src=\"https:\/\/dakar2026learningacademy.org\/wp-content\/uploads\/2025\/02\/Photo-3-1024x576.jpg\" class=\"attachment-large size-large wp-image-528\" alt=\"\" srcset=\"https:\/\/dakar2026learningacademy.org\/wp-content\/uploads\/2025\/02\/Photo-3-1024x576.jpg 1024w, https:\/\/dakar2026learningacademy.org\/wp-content\/uploads\/2025\/02\/Photo-3-300x169.jpg 300w, https:\/\/dakar2026learningacademy.org\/wp-content\/uploads\/2025\/02\/Photo-3-768x432.jpg 768w, https:\/\/dakar2026learningacademy.org\/wp-content\/uploads\/2025\/02\/Photo-3-1536x864.jpg 1536w, https:\/\/dakar2026learningacademy.org\/wp-content\/uploads\/2025\/02\/Photo-3-18x10.jpg 18w, https:\/\/dakar2026learningacademy.org\/wp-content\/uploads\/2025\/02\/Photo-3.jpg 1600w\" sizes=\"(max-width: 800px) 100vw, 800px\" \/>\t\t\t\t\t\t\t\t\t\t\t\t\t\t\t<\/div>\n\t\t\t\t<\/div>\n\t\t\t\t\t<\/div>\n\t\t<\/div>\n\t\t\t\t\t<\/div>\n\t\t<\/section>\n\t\t\t\t\t<\/div>\n\t\t<\/div>\n\t\t\t\t\t<\/div>\n\t\t<\/section>\n\t\t\t\t<\/div>\n\t\t","protected":false},"excerpt":{"rendered":"<p>LES JEUX OLYMPIQUES DE LA JEUNESSE Les 4e\u00a0Jeux Olympiques de la Jeunesse (JOJ) d&rsquo;\u00e9t\u00e9 se tiendront\u00a0pendant deux semaines \u00e0 partir du 31 octobre 2026\u00a0\u00e0 Dakar,\u00a0au S\u00e9n\u00e9gal. lls r\u00e9uniront les meilleurs jeunes athl\u00e8tes du monde pour ce qui sera le premier \u00e9v\u00e9nement olympique organis\u00e9 sur le sol africain. Ces Jeux, qui se d\u00e9rouleront sur trois sites [&hellip;]<\/p>\n","protected":false},"author":1,"featured_media":0,"parent":0,"menu_order":0,"comment_status":"closed","ping_status":"closed","template":"elementor_header_footer","meta":{"_acf_changed":false,"footnotes":""},"class_list":["post-69","page","type-page","status-publish","hentry"],"acf":[],"_links":{"self":[{"href":"https:\/\/dakar2026learningacademy.org\/index.php?rest_route=\/wp\/v2\/pages\/69","targetHints":{"allow":["GET"]}}],"collection":[{"href":"https:\/\/dakar2026learningacademy.org\/index.php?rest_route=\/wp\/v2\/pages"}],"about":[{"href":"https:\/\/dakar2026learningacademy.org\/index.php?rest_route=\/wp\/v2\/types\/page"}],"author":[{"embeddable":true,"href":"https:\/\/dakar2026learningacademy.org\/index.php?rest_route=\/wp\/v2\/users\/1"}],"replies":[{"embeddable":true,"href":"https:\/\/dakar2026learningacademy.org\/index.php?rest_route=%2Fwp%2Fv2%2Fcomments&post=69"}],"version-history":[{"count":0,"href":"https:\/\/dakar2026learningacademy.org\/index.php?rest_route=\/wp\/v2\/pages\/69\/revisions"}],"wp:attachment":[{"href":"https:\/\/dakar2026learningacademy.org\/index.php?rest_route=%2Fwp%2Fv2%2Fmedia&parent=69"}],"curies":[{"name":"wp","href":"https:\/\/api.w.org\/{rel}","templated":true}]}}